{"id":1232,"date":"2018-03-29T15:52:43","date_gmt":"2018-03-29T13:52:43","guid":{"rendered":"https:\/\/xbox-store-checker.com\/fr\/blog\/?page_id=1232"},"modified":"2019-12-10T15:44:54","modified_gmt":"2019-12-10T14:44:54","slug":"wie-kauft-man-digitale-xbox-one-spiele-in-auslandischen-microsoft-stores","status":"publish","type":"page","link":"https:\/\/xbox-store-checker.com\/de\/blog\/wie-kauft-man-digitale-xbox-one-spiele-in-auslandischen-microsoft-stores\/","title":{"rendered":"Wie kauft man digitale Xbox One Spiele in ausl\u00e4ndischen Microsoft Stores?"},"content":{"rendered":"<p><span style=\"font-size: 1rem;\">Currently, there are 2 methods to buy on foreign stores<\/span><\/p>\n<p>Either via games &#8220;code&#8221;. <a href=\"https:\/\/xbox-store-checker.com\/fr\/blog\/how-buy-game-key\/\" target=\"_blank\" rel=\"noopener\">Click here to see how to buy and activate a game &#8220;code&#8221;.<\/a><br \/>\nOr via Xbox Live gift cards. Read the rest of the page to see how to do it \ud83d\ude09<\/p>\n<p>&nbsp;<\/p>\n<h1><b>Xbox Live Geschenkkarten kaufen<\/b><\/h1>\n<p><span style=\"font-weight: 400;\">Der Trick um digitale Spiele kaufen zu k\u00f6nnen ist, zuerst einmal die Xbox Live Geschenkkarten (Gift Cards) zu kaufen und das gekaufte Guthaben dann in ausl\u00e4ndischen Stores gegen Spiele einzul\u00f6sen.<\/span><\/p>\n<p><span style=\"font-weight: 400;\">Auch wenn dies der einfachste Weg ist, so gibt es doch leider ausnahmen; So ist es zum Beispiel nicht m\u00f6glich Guthaben aus einigen wenigen L\u00e4ndern zu kaufen, da dort keine Geschenkkarten angeboten werden.<\/span><\/p>\n<p><!--more--><\/p>\n<p>&nbsp;<\/p>\n<h2 style=\"text-align: center; background: #107c10; color: #fff; font-weight: bold; padding: 5px; border-radius: 11px;\"><b>Video tutorials<\/b><\/h2>\n<p><span style=\"font-weight: 400;\">Hier sind ein paar Videos eines Youtubers, die erkl\u00e4ren, wie man Spiele in ausl\u00e4ndischen Stores einkauft:<\/span><\/p>\n<h3>Videos FR<\/h3>\n<ul>\n<li><a href=\"https:\/\/www.youtube.com\/watch?v=dWGZhLiz3Gg\" target=\"_blank\" rel=\"noopener\">(2017) Turkish store &#8211; MTCGame giftcard<\/a><\/li>\n<li><a href=\"https:\/\/www.youtube.com\/watch?v=QQeecFfXWNw\" target=\"_blank\" rel=\"noopener\">(2019) Singapore store &#8211; SeaGM giftcard<\/a><\/li>\n<\/ul>\n<h3>Videos EN<\/h3>\n<ul>\n<li><strong><a href=\"https:\/\/www.youtube.com\/watch?v=ga8RVMzUI_U\" target=\"_blank\" rel=\"noopener\">(2019) Brazil store &#8211; G2A giftcard<\/a><\/strong><\/li>\n<\/ul>\n<h3>DE Videos<\/h3>\n<ul>\n<li><strong><a href=\"https:\/\/www.youtube.com\/watch?v=09-nAis69xw\" target=\"_blank\" rel=\"noopener\">(2019) V-Bucks &#8211; Turkish store &#8211; MTCGame giftcard<\/a><\/strong><\/li>\n<\/ul>\n<h3>Videos ES<\/h3>\n<ul>\n<li><a href=\"https:\/\/www.youtube.com\/watch?v=QtBhP9DK-p4&amp;feature=youtu.be\" target=\"_blank\" rel=\"noopener\">(2017) DOOM &#8211; Russian store &#8211; SeaGM giftcard<\/a><\/li>\n<li><a href=\"https:\/\/www.youtube.com\/watch?v=2QA68xNgDWQ&amp;feature=youtu.be\" target=\"_blank\" rel=\"noopener\">(2017) Destiny 2 &#8211; USA store &#8211; G2A giftcard<\/a><\/li>\n<\/ul>\n<h3>Videos PL<\/h3>\n<ul>\n<li><a href=\"https:\/\/www.youtube.com\/watch?v=6u8FIWB24dY&amp;feature=youtu.be\" target=\"_blank\" rel=\"noopener\">(2018) MAFIA III &#8211; Russian store &#8211; Nilt.ru giftcard<\/a><\/li>\n<\/ul>\n<p>&nbsp;<\/p>\n<hr \/>\n<h2 style=\"text-align: center; background: #107c10; color: #fff; font-weight: bold; padding: 5px; border-radius: 11px;\"><b>Text tutorial<\/b><\/h2>\n<p>&nbsp;<\/p>\n<h3><strong>1.\u00a0Kaufen Sie ihre Geschenkkarte<\/strong><\/h3>\n<p><span style=\"font-weight: 400;\">Geschenkkarten sind Regionsgebunden!<\/span><\/p>\n<p><span style=\"font-weight: 400;\">Wenn Sie also zum Beispiel ein Spiel aus dem kanadischen Xbox Store kaufen wollen, m\u00fcssen Sie vorher erst kanadische Geschenkkarten, in kanadischen Dollars (CAD) kaufen. <\/span><span style=\"font-weight: 400;\"><br \/>\n<\/span><b>Achten Sie darauf die W\u00e4hrungen nicht zu verwechseln, zB. CAD mit USD aus den USA.<\/b><\/p>\n<p><span style=\"font-weight: 400;\">Mittlerweile ist es leider nicht mehr m\u00f6glich Geschenkkarten direkt \u00fcber die ausl\u00e4ndischen Microsoft Seiten zu kaufen. Deshalb muss man jetzt auf andere Seiten ausweichen, die das gew\u00fcnschte Guthaben verkaufen, wie zum Beispiel G2A, MTCGame, SeaGM oder PlayAsia.<\/span><\/p>\n<p><span style=\"font-weight: 400;\">Hier ist eine aufz\u00e4hlung aller Webseiten, die digitale Geschenkkarten verkaufen : <a href=\"https:\/\/xbox-store-checker.com\/de\/carte-cadeau-xbox-live\">Wo kann man Geschenkkarten kaufen?<\/a><\/span><\/p>\n<p>&nbsp;<\/p>\n<h3><strong>2.\u00a0Ein Spiel aus einem ausl\u00e4ndischen Store kaufen<\/strong><\/h3>\n<p><span style=\"font-weight: 400;\"><br \/>\n<\/span><span style=\"font-weight: 400;\">Was Sie wissen m\u00fcssen ist, dass ihr virtuelles Guthaben l\u00e4ndergebunden ist, das heisst Sie k\u00f6nnen das Guthaben nur in den, der W\u00e4hrung entsprechenden, L\u00e4ndern einsetzen.<\/span><\/p>\n<p><span style=\"font-weight: 400;\">Falls Sie also 100 kanadische Dollar zu ihrem Microsoft-Konto hinzuf\u00fcgen, k\u00f6nnen Sie diese 100 CAD auch nur im kanadischen Store einl\u00f6sen! Denken Sie also bitte immer daran, bevor Sie Guthaben kaufen.<\/span><\/p>\n<p>&nbsp;<\/p>\n<ol>\n<li style=\"font-weight: 400;\"><span style=\"font-weight: 400;\">Suchen Sie auf Xbox-Store-Checker nach dem gew\u00fcnschten Spiels und klicken Sie, wenn Sie es gefunden haben, auf den button ,,auf Microsoft.com anschauen\u201d.<\/span><span style=\"font-weight: 400;\"><br \/>\n<\/span><a href=\"https:\/\/xbox-store-checker.com\/wordpress\/wp-content\/uploads\/2017\/08\/2018-10-02-22_39_12-Acheter-Batman_-The-Enemy-Within-The-Complete-Season-Episodes-1-5-Xbox-Sto-1.png\"><img loading=\"lazy\" class=\"aligncenter wp-image-2087 size-full\" src=\"https:\/\/xbox-store-checker.com\/wordpress\/wp-content\/uploads\/2017\/08\/2018-10-02-22_39_12-Acheter-Batman_-The-Enemy-Within-The-Complete-Season-Episodes-1-5-Xbox-Sto-1.png\" alt=\"\" width=\"893\" height=\"144\" srcset=\"https:\/\/xbox-store-checker.com\/wordpress\/wp-content\/uploads\/2017\/08\/2018-10-02-22_39_12-Acheter-Batman_-The-Enemy-Within-The-Complete-Season-Episodes-1-5-Xbox-Sto-1.png 893w, https:\/\/xbox-store-checker.com\/wordpress\/wp-content\/uploads\/2017\/08\/2018-10-02-22_39_12-Acheter-Batman_-The-Enemy-Within-The-Complete-Season-Episodes-1-5-Xbox-Sto-1-300x48.png 300w, https:\/\/xbox-store-checker.com\/wordpress\/wp-content\/uploads\/2017\/08\/2018-10-02-22_39_12-Acheter-Batman_-The-Enemy-Within-The-Complete-Season-Episodes-1-5-Xbox-Sto-1-768x124.png 768w, https:\/\/xbox-store-checker.com\/wordpress\/wp-content\/uploads\/2017\/08\/2018-10-02-22_39_12-Acheter-Batman_-The-Enemy-Within-The-Complete-Season-Episodes-1-5-Xbox-Sto-1-624x101.png 624w\" sizes=\"(max-width: 893px) 100vw, 893px\" \/><\/a><\/li>\n<li style=\"font-weight: 400;\"><span style=\"font-weight: 400;\">Daraufhin werden Sie auf die offizielle Seite des Spiels, im Microsoft Store des gew\u00fcnschten Landes weitergeleitet.<\/span><\/li>\n<li style=\"font-weight: 400;\"><span style=\"font-weight: 400;\">Klicken Sie anschlie\u00dfend nur noch auf den Button um das Spiel zu kaufen. (Sie m\u00fcssen dazu mit Ihrem Microsoft-Konto angemeldet sein)<\/span><span style=\"font-weight: 400;\"><br \/>\n<\/span><span style=\"font-weight: 400;\"><br \/>\n<\/span><span style=\"font-weight: 400;\"><span style=\"font-weight: 400;\"><a href=\"https:\/\/xbox-store-checker.com\/wordpress\/wp-content\/uploads\/2017\/08\/2018-10-02-22_39_24-Comprar-Batman_-O-Inimigo-Dentro-The-Complete-Season-Episodes-1-5-Microsof-1.png\"><img loading=\"lazy\" class=\"aligncenter wp-image-2085 size-large\" src=\"https:\/\/xbox-store-checker.com\/wordpress\/wp-content\/uploads\/2017\/08\/2018-10-02-22_39_24-Comprar-Batman_-O-Inimigo-Dentro-The-Complete-Season-Episodes-1-5-Microsof-1-1024x264.png\" alt=\"\" width=\"625\" height=\"161\" srcset=\"https:\/\/xbox-store-checker.com\/wordpress\/wp-content\/uploads\/2017\/08\/2018-10-02-22_39_24-Comprar-Batman_-O-Inimigo-Dentro-The-Complete-Season-Episodes-1-5-Microsof-1-1024x264.png 1024w, https:\/\/xbox-store-checker.com\/wordpress\/wp-content\/uploads\/2017\/08\/2018-10-02-22_39_24-Comprar-Batman_-O-Inimigo-Dentro-The-Complete-Season-Episodes-1-5-Microsof-1-300x77.png 300w, https:\/\/xbox-store-checker.com\/wordpress\/wp-content\/uploads\/2017\/08\/2018-10-02-22_39_24-Comprar-Batman_-O-Inimigo-Dentro-The-Complete-Season-Episodes-1-5-Microsof-1-768x198.png 768w, https:\/\/xbox-store-checker.com\/wordpress\/wp-content\/uploads\/2017\/08\/2018-10-02-22_39_24-Comprar-Batman_-O-Inimigo-Dentro-The-Complete-Season-Episodes-1-5-Microsof-1-624x161.png 624w, https:\/\/xbox-store-checker.com\/wordpress\/wp-content\/uploads\/2017\/08\/2018-10-02-22_39_24-Comprar-Batman_-O-Inimigo-Dentro-The-Complete-Season-Episodes-1-5-Microsof-1.png 1641w\" sizes=\"(max-width: 625px) 100vw, 625px\" \/><\/a><\/span><\/span><\/li>\n<li style=\"font-weight: 400;\"><span style=\"font-weight: 400;\">Wenn Sie in diesem Store noch nie etwas gekauft haben, werden Sie aufgefordert werden eine neue Zahlungsmethode einzugeben. Klicken Sie dazu auf den entsprechenden Button.<\/span><span style=\"font-weight: 400;\"><br \/>\n<\/span><span style=\"font-weight: 400;\"><br \/>\n<\/span><span style=\"font-weight: 400;\"><span style=\"font-weight: 400;\"><a href=\"http:\/\/xbox-store-checker.com\/wordpress\/wp-content\/uploads\/2017\/08\/2017-08-16-16_04_02-Buy-Batman_-The-Enemy-Within-The-Complete-Season-Episodes-1-5-Microsoft-St.png\"><img loading=\"lazy\" class=\"aligncenter size-full\" src=\"http:\/\/xbox-store-checker.com\/wordpress\/wp-content\/uploads\/2017\/08\/2017-08-16-16_04_02-Buy-Batman_-The-Enemy-Within-The-Complete-Season-Episodes-1-5-Microsoft-St.png\" width=\"462\" height=\"566\" \/><\/a><\/span><\/span><\/li>\n<li style=\"font-weight: 400;\"><span style=\"font-weight: 400;\">Klicken Sie auf den Button Code oder Geschenkkarte einl\u00f6sen um Ihre Geschenkkarten einzul\u00f6sen. Der Button ist mit einem kleinen Symbol gekennzeichnet, dass ein kleines Geschenk darstellen soll.<\/span><span style=\"font-weight: 400;\"><br \/>\n<\/span><span style=\"font-weight: 400;\"><br \/>\n<\/span><span style=\"font-weight: 400;\"><span style=\"font-weight: 400;\"><a href=\"http:\/\/xbox-store-checker.com\/wordpress\/wp-content\/uploads\/2017\/08\/2017-08-16-16_04_39-Buy-Batman_-The-Enemy-Within-The-Complete-Season-Episodes-1-5-Microsoft-St.png\"><img loading=\"lazy\" class=\"aligncenter size-full\" src=\"http:\/\/xbox-store-checker.com\/wordpress\/wp-content\/uploads\/2017\/08\/2017-08-16-16_04_39-Buy-Batman_-The-Enemy-Within-The-Complete-Season-Episodes-1-5-Microsoft-St.png\" width=\"459\" height=\"204\" \/><\/a><\/span><\/span><\/li>\n<li style=\"font-weight: 400;\"><span style=\"font-weight: 400;\">Geben Sie nun noch den Code Ihrer Geschenkkarte ein und das Guthaben wird Ihrem Microsoft-Konto zugeschrieben!<\/span><\/li>\n<li style=\"font-weight: 400;\"><span style=\"font-weight: 400;\">Nun k\u00f6nnen Sie mit Ihrem aufgeladenen Guthaben das gew\u00fcnschte Spiel kaufen \ud83d\ude42 !<\/span><\/li>\n<\/ol>\n<p>&nbsp;<\/p>\n<p>&nbsp;<\/p>\n<h2 style=\"text-align: center; background: #107c10; color: #fff; font-weight: bold; padding: 5px; border-radius: 11px;\">Differences depending on the store<\/h2>\n<p>&nbsp;<\/p>\n<h3>On the Brazilian store<\/h3>\n<p>On the Brazilian store, following an update from Microsoft, to be able to use your balance you must add a credit card + address on the store in question.<\/p>\n<p>For the credit card, you can use your own! No need for a Brazilian credit card \ud83d\ude09<\/p>\n<p><strong>Example :\u00a0 <\/strong><\/p>\n<ol>\n<li>You buy 50 BRL (Brazilian store)<\/li>\n<li>You credit these 50 BRLs to your Brazilian Microsoft account<\/li>\n<li>When you buy the game, you can&#8217;t use your 50 BRLs because you don&#8217;t see them anywhere.<\/li>\n<li>You must add another payment method (credit card) on the Brazilian store. You can use yours without any problem! Only the address must be located in Brazil.<\/li>\n<li>You can now buy your game with your 50 BRL \ud83d\ude09<\/li>\n<\/ol>\n<p>&nbsp;<\/p>\n<h3>On the Turkish and Argentinean store<\/h3>\n<p>On these two stores there are 2 security features:<\/p>\n<ol>\n<li>When adding a gift card code to your account: <a href=\"https:\/\/xbox-store-checker.com\/en\/blog\/xbox-gift-card-lock-overview-27-03-2019\/\" target=\"_blank\" rel=\"noopener\">I invite you to read this article<\/a><\/li>\n<li>During the attempted purchase:<\/li>\n<\/ol>\n<p>Indeed, if this is the first time you buy on one of these two stores, it is very likely that when you validate the purchase you have an error.<\/p>\n<p>Don&#8217;t panic, just wait 4 to 14 days (on average 4), trying once a day. After a while, it&#8217;ll come to pass! Good luck!<\/p>\n<p>Once the first purchase is made, you will no longer have this problem \ud83d\ude09<\/p>\n<p>&nbsp;<\/p>\n<h3>On the Canadian store<\/h3>\n<p>Be careful with the Canadian store, there is a tax that varies according to the address.<\/p>\n<p>To get the minimum, you must put an address in the state of Alberta to get 5% tax<\/p>\n<p>&nbsp;<\/p>\n<h3>On the USA store<\/h3>\n<p>Same thing on the US store, except you can get 0% tax by putting an address in the state of Oregon or Alaska \ud83d\ude09 !<\/p>\n<p>&nbsp;<\/p>\n<p><strong><em>Thanks\u00a0Will for translation \ud83d\ude42<\/em><\/strong><\/p>\n","protected":false},"excerpt":{"rendered":"Currently, there are 2 methods to buy on foreign stores Either via games &#8220;code&#8221;. Click here to see how to buy and activate a game &#8220;code&#8221;. Or via Xbox Live gift cards. Read the rest of the page to see how to do it \ud83d\ude09 &nbsp; Xbox Live Geschenkkarten kaufen Der Trick um digitale Spiele [&hellip;]","protected":false},"author":1,"featured_media":0,"parent":0,"menu_order":0,"comment_status":"open","ping_status":"closed","template":"","meta":[],"_links":{"self":[{"href":"https:\/\/xbox-store-checker.com\/de\/blog\/wp-json\/wp\/v2\/pages\/1232"}],"collection":[{"href":"https:\/\/xbox-store-checker.com\/de\/blog\/wp-json\/wp\/v2\/pages"}],"about":[{"href":"https:\/\/xbox-store-checker.com\/de\/blog\/wp-json\/wp\/v2\/types\/page"}],"author":[{"embeddable":true,"href":"https:\/\/xbox-store-checker.com\/de\/blog\/wp-json\/wp\/v2\/users\/1"}],"replies":[{"embeddable":true,"href":"https:\/\/xbox-store-checker.com\/de\/blog\/wp-json\/wp\/v2\/comments?post=1232"}],"version-history":[{"count":0,"href":"https:\/\/xbox-store-checker.com\/de\/blog\/wp-json\/wp\/v2\/pages\/1232\/revisions"}],"wp:attachment":[{"href":"https:\/\/xbox-store-checker.com\/de\/blog\/wp-json\/wp\/v2\/media?parent=1232"}],"curies":[{"name":"wp","href":"https:\/\/api.w.org\/{rel}","templated":true}]}}