{"id":1397,"date":"2018-04-17T12:03:19","date_gmt":"2018-04-17T10:03:19","guid":{"rendered":"https:\/\/xbox-store-checker.com\/fr\/blog\/?page_id=1397"},"modified":"2018-06-05T11:38:56","modified_gmt":"2018-06-05T09:38:56","slug":"faq-es","status":"publish","type":"page","link":"https:\/\/xbox-store-checker.com\/es\/blog\/faq-es\/","title":{"rendered":"FAQ"},"content":{"rendered":"<p><span style=\"font-weight: 400;\">Aqu\u00ed dispon\u00e9is del FAQ<\/span><\/p>\n<p><!--more--><\/p>\n<ul class=\"faq\">\n<li style=\"font-weight: 400;\"><span style=\"font-weight: 400;\">\u00bfEs posible pagar con tarjeta de cr\u00e9dito o Paypal?<\/span>\n<ul>\n<li style=\"font-weight: 400;\"><span style=\"font-weight: 400;\">Hay una t\u00e9cnica m\u00e1s complicada para pagar con tarjeta de cr\u00e9dito. Es necesario usar una VPN, pero es mejor no pagar con tarjeta de cr\u00e9dito porque Microsoft puede bloquearla r\u00e1pidamente.<\/span><\/li>\n<\/ul>\n<\/li>\n<\/ul>\n<ul class=\"faq\">\n<li style=\"font-weight: 400;\"><span style=\"font-weight: 400;\">Si compro desde un pa\u00eds extranjero, \u00bfestar\u00e1 el juego en mi idioma en mi consola?<\/span>\n<ul>\n<li style=\"font-weight: 400;\"><span style=\"font-weight: 400;\">\u00a1S\u00ed! La consola no est\u00e1 zonificada, lo que significa que si compras tu juego en ruso o japon\u00e9s, por ejemplo, siempre estar\u00e1 en el idioma en tu consola<\/span><\/li>\n<\/ul>\n<\/li>\n<\/ul>\n<ul class=\"faq\">\n<li style=\"font-weight: 400;\"><span style=\"font-weight: 400;\">\u00bfD\u00f3nde puedo comprar tarjetas regalo?<\/span>\n<ul>\n<li style=\"font-weight: 400;\"><span style=\"font-weight: 400;\">En Xbox Store Checker tenemos una p\u00e1gina especialmente creada para esto: <a href=\"http:\/\/xbox-store-checker.com\/es\/xbox-live-cards\" target=\"_blank\" rel=\"noopener\">\u00bfD\u00f3nde comprar tarjetas Xbox Live?<\/a><\/span><\/li>\n<\/ul>\n<\/li>\n<\/ul>\n<ul class=\"faq\">\n<li style=\"font-weight: 400;\"><span style=\"font-weight: 400;\">\u00bfLas tarjetas regalo de Microsoft Store funcionan en Xbox?<\/span>\n<ul>\n<li style=\"font-weight: 400;\"><span style=\"font-weight: 400;\">\u00a1S\u00ed, por supuesto!<\/span><\/li>\n<\/ul>\n<\/li>\n<\/ul>\n<ul class=\"faq\">\n<li style=\"font-weight: 400;\"><span style=\"font-weight: 400;\">C\u00f3mo comprar tarjeta regalo con USD en Amazon.com<\/span>\n<ul>\n<li style=\"font-weight: 400;\"><a href=\"http:\/\/xbox-store-checker.com\/blog\/how-buy-xbox-live-us-gift-cards\/\" target=\"_blank\" rel=\"noopener\"><span style=\"font-weight: 400;\">Aqu\u00ed dispone del tutotial para comprar tarjetas regalo con USD en Amazon.com<\/span><\/a><\/li>\n<\/ul>\n<\/li>\n<\/ul>\n<ul class=\"faq\">\n<li style=\"font-weight: 400;\"><span style=\"font-weight: 400;\">\u00bfPuedo usar mi tarjeta regalo en cualquier lugar?<\/span>\n<ul>\n<li style=\"font-weight: 400;\"><span style=\"font-weight: 400;\">\u00a1No! Cada tarjeta de regalo se divide en zonas en su propio pa\u00eds. Una tarjeta regalo rusa (RUB) solo funcionar\u00e1 en la regi\u00f3n rusa.<\/span><\/li>\n<\/ul>\n<\/li>\n<\/ul>\n<ul class=\"faq\">\n<li style=\"font-weight: 400;\"><span style=\"font-weight: 400;\">\u00bfDebo usar una VPN para comprar mi juego con mis tarjetas regalo?<\/span>\n<ul>\n<li style=\"font-weight: 400;\"><span style=\"font-weight: 400;\">No, no hay necesidad de utilizar una VPN.<\/span><\/li>\n<\/ul>\n<\/li>\n<\/ul>\n<ul class=\"faq\">\n<li style=\"font-weight: 400;\"><span style=\"font-weight: 400;\">\u00bfC\u00f3mo compro un juego, una vez que tengo mi tarjeta regalo?<\/span>\n<ul>\n<li style=\"font-weight: 400;\"><span style=\"font-weight: 400;\">Solo sigua este tutorial: <a href=\"https:\/\/xbox-store-checker.com\/es\/como-comprar-juego-de-xbox-one-regiones-extranjeras\/\" target=\"_blank\" rel=\"noopener\">\u00bfC\u00f3mo comprar juegos en una tienda extranjera?<\/a><\/span><\/li>\n<\/ul>\n<\/li>\n<\/ul>\n<ul class=\"faq\">\n<li style=\"font-weight: 400;\"><span style=\"font-weight: 400;\">\u00bfTengo que crear una nueva cuenta de Microsoft para cada regi\u00f3n?<\/span>\n<ul>\n<li style=\"font-weight: 400;\"><span style=\"font-weight: 400;\">No. La misma cuenta de Microsoft puede comprar en m\u00faltiples regiones.<\/span><\/li>\n<\/ul>\n<\/li>\n<\/ul>\n<ul class=\"faq\">\n<li style=\"font-weight: 400;\"><span style=\"font-weight: 400;\">\u00bfDebo ingresar una nueva direcci\u00f3n cada vez que compre en una nueva regi\u00f3n?<\/span>\n<ul>\n<li style=\"font-weight: 400;\"><span style=\"font-weight: 400;\">S\u00ed, Microsoft solicita una direcci\u00f3n de facturaci\u00f3n para cada regi\u00f3n.<\/span><\/li>\n<\/ul>\n<\/li>\n<\/ul>\n<ul class=\"faq\">\n<li style=\"font-weight: 400;\"><span style=\"font-weight: 400;\">\u00bfHay alg\u00fan impuesto?<\/span>\n<ul>\n<li style=\"font-weight: 400;\"><span style=\"font-weight: 400;\">S\u00ed, dependiendo del pa\u00eds. Por ejemplo, hay algunos impuestos en la regi\u00f3n de EEUU, Colombia y Canad\u00e1. El precio depende del departamento o ciudad presente en su direcci\u00f3n de facturaci\u00f3n.<\/span><\/li>\n<li style=\"font-weight: 400;\"><span style=\"font-weight: 400;\">Tenga en cuenta que los precios que aparecen en Xbox Store Checker no incluyen dichos impuestos.<\/span><\/li>\n<\/ul>\n<\/li>\n<li>Is it possible to buy 360 backward games on foreign store ?\n<ul>\n<li>Nope! 360 backward games are region locked<\/li>\n<\/ul>\n<\/li>\n<li>I can&#8217;t use my balance, even though I did credit my gift card!\n<ul>\n<li>After an update from Microsoft, to be able to use your balance you must add a credit card + address on the store in case.<\/li>\n<\/ul>\n<\/li>\n<\/ul>\n<p>&nbsp;<\/p>\n<p><em>Thanks\u00a0<a href=\"http:\/\/www.mandrileando.com\/\" target=\"_blank\" rel=\"noopener\">Mandrileando<\/a><\/em><\/p>\n","protected":false},"excerpt":{"rendered":"Aqu\u00ed dispon\u00e9is del FAQ","protected":false},"author":1,"featured_media":0,"parent":0,"menu_order":0,"comment_status":"closed","ping_status":"closed","template":"","meta":[],"_links":{"self":[{"href":"https:\/\/xbox-store-checker.com\/es\/blog\/wp-json\/wp\/v2\/pages\/1397"}],"collection":[{"href":"https:\/\/xbox-store-checker.com\/es\/blog\/wp-json\/wp\/v2\/pages"}],"about":[{"href":"https:\/\/xbox-store-checker.com\/es\/blog\/wp-json\/wp\/v2\/types\/page"}],"author":[{"embeddable":true,"href":"https:\/\/xbox-store-checker.com\/es\/blog\/wp-json\/wp\/v2\/users\/1"}],"replies":[{"embeddable":true,"href":"https:\/\/xbox-store-checker.com\/es\/blog\/wp-json\/wp\/v2\/comments?post=1397"}],"version-history":[{"count":0,"href":"https:\/\/xbox-store-checker.com\/es\/blog\/wp-json\/wp\/v2\/pages\/1397\/revisions"}],"wp:attachment":[{"href":"https:\/\/xbox-store-checker.com\/es\/blog\/wp-json\/wp\/v2\/media?parent=1397"}],"curies":[{"name":"wp","href":"https:\/\/api.w.org\/{rel}","templated":true}]}}